{"id":590,"date":"2019-03-12T19:48:39","date_gmt":"2019-03-12T19:48:39","guid":{"rendered":"http:\/\/gws-offshore.rhome.lv\/?page_id=590"},"modified":"2022-07-21T09:59:05","modified_gmt":"2022-07-21T07:59:05","slug":"dominica-staatsbuergerschaft-und-reisepass","status":"publish","type":"page","link":"https:\/\/gws-offshore.com\/de\/dominica-staatsbuergerschaft-und-reisepass\/","title":{"rendered":"Dominica Staatsb\u00fcrgerschaft und Reisepass"},"content":{"rendered":"<p><strong>Eine neue oder zweite Staatsb\u00fcrgerschaft im friedlichen Commonwealth-Land Dominica erlaubt Ihnen, sorgenfrei in einer globalisierten Welt zu reisen, in der \u00dcberwachung und nachteilige Vorschriften die Freiheit und Unabh\u00e4ngigkeit unserer modernen Gesellschaft zu begrenzen versuchen.<\/strong><\/p>\n<p>Das\u00a0<a href=\"\/de\/staatsbuergerprogramme\/\">Staatsb\u00fcrgerprogramm durch Investitionen<\/a>\u00a0im neutralen und stabilen Commonwealth von Dominica in den Kleinen Antillen in der \u00f6stlichen Karibik ist eines der \u00e4ltesten und vertrauensw\u00fcrdigsten offiziellen Programme und kann als zweite Lebensversicherung dienen.<\/p>\n<h4>Unbeschr\u00e4nkt international reisen<\/h4>\n<p>Inhaber eines<strong>\u00a0Reisepasses in Dominica<\/strong>\u00a0haben mit ihrer neuen Staatsb\u00fcrgerschaft deutlich mehr internationale Reiseoptionen, einschlie\u00dflich der europ\u00e4ischen Schengen-Staaten, Gro\u00dfbritannien, Singapur, Hong Kong und Irland. Dar\u00fcber hinaus kommt Dominica seinen neuen B\u00fcrgern duch eine Reihe weiterer Vorteile entgegen, die das Inselparadies zu einem attrakiven Business-Standort machen: steuerfreie Gesellschaften (IBCs), gro\u00dfz\u00fcgige Steuerbefreiungen, Einfuhrzoll- und Steuerverzichte und schlanke Gesch\u00e4ftsprozeduren.<\/p>\n<p><img decoding=\"async\" class=\"size-full alignnone\" src=\"\/wp-content\/uploads\/2019\/03\/Punta-Cana-2-960-x-420.jpg\" alt=\"\" width=\"100%\" \/><\/p>\n<p>Der Antrag auf Staatsb\u00fcrgerschaft und Bewerbungsprozess innerhalb des Staatsb\u00fcrgerprogramm durch Investitionen (Citizenship-by-Investment) dauert 3 \u2013 4 Monate. Dank unserer guten Beziehung zu der Regierung in Dominica ist ein pers\u00f6nliches Interview \u00fcblicherweise nicht n\u00f6tig f\u00fcr FIDELITY OFFSHORE EXPERT Kunden. Staatsb\u00fcrgerschaft in Dominica wird auf Lebzeit gew\u00e4hrt; der\u00a0<strong>Dominica Pass<\/strong>\u00a0kann entweder bei der Einwanderungsbeh\u00f6rde in Dominica oder bei jedwelcher High-Commission bzw.\u00a0jedwelchem Konsulat des Commonwealth von Dominica erneuert werden.<\/p>\n<h4>Vorteile<\/h4>\n<ul>\n<li>Visafrei in \u00fcber 120 L\u00e4nder reisen, einschlie\u00dflich\u00a0freiem Zugang in alle Schengen-Staaten<\/li>\n<li>Demokratisches und neutrales Land in der Karibik<\/li>\n<li>Keine Verm\u00f6gens-, Schenkungs- oder Erbschaftssteuern, ebenso keine Steuern auf Auslandsertr\u00e4ge, Kapitalertr\u00e4ge und Immobilien<\/li>\n<li>Keine Einkommensteuer f\u00fcr Personen mit Auslandswohnsitz<\/li>\n<li><span id=\"result_box\" class=\"\" lang=\"de\"><span title=\"No restriction on repatriation of profits \">Keine Einschr\u00e4nkung bei der R\u00fcckf\u00fchrung von Gewinnen<\/span><\/span><\/li>\n<li><span id=\"result_box\" class=\"\" lang=\"de\"><span title=\"No foreign exchange control \">Keine Devisenkontrolle<\/span><\/span><\/li>\n<li>Bequemer Zugang zu den karibischen Staaten (CARICOM)<\/li>\n<li>Stabiles Investorenklima<\/li>\n<li>Effizientes und unabh\u00e4ngiges Justizsystem<\/li>\n<li>Voller Aufenthaltsstatus, mit dem Recht in Dominica zu leben und zu arbeiten<\/li>\n<li>Doppelte Staatsb\u00fcrgerschaft erlaubt<\/li>\n<li>Keine Anforderung vor oder nach dem Erhalt der Staatsb\u00fcrgerschaft in Dominica zu wohnen<\/li>\n<li>Wundersch\u00f6ne Umgebung<\/li>\n<li>Staatsb\u00fcrgerschaft und Reisepass in nur 3 \u2013 4 Monaten<\/li>\n<li>Des Bewerbungsprozess ist vertraulich<\/li>\n<\/ul>\n<p>Mehrere L\u00e4nder haben Programme gestartet, die den Erwerb der Staatsb\u00fcrgerschaft gegen Zahlung eines direkten Beitrags (Citizenship-by-Investment) erm\u00f6glichen, der zur Weiterentwicklung des Landes dient. In Dominica wird das Staatsb\u00fcrgerprogramm durch Investitionen in\u00a0<span id=\"result_box\" class=\"\" lang=\"de\"><span title=\"In Dominica, citizenship-by-investment is based on Section 101 of the Constitution and Sections 8 and 20 (1) of the Citizenship Act.\">\u00a7 101 der Verfassung und\u00a0\u00a7 8 und 20 (1) des Staatsangeh\u00f6rigkeitsgesetzes geregelt. Diese erlauben der Regierung ein Programm zu betreiben, durch das Personen, die sich unter den Kriterien und Vorgaben der Regierung qualifizieren, die Staatsb\u00fcrgerschaft erhalten k\u00f6nnen.<\/span><\/span><\/p>\n<p><img loading=\"lazy\" decoding=\"async\" class=\"alignright size-full wp-image-571\" src=\"https:\/\/gws-offshore.com\/wp-content\/uploads\/2019\/03\/Fort-Young-SCUBA-Resort-Hotel-view-1024x6822-e1470387518228.jpg\" alt=\"\" width=\"190\" height=\"191\" srcset=\"https:\/\/gws-offshore.com\/wp-content\/uploads\/2019\/03\/Fort-Young-SCUBA-Resort-Hotel-view-1024x6822-e1470387518228.jpg 190w, https:\/\/gws-offshore.com\/wp-content\/uploads\/2019\/03\/Fort-Young-SCUBA-Resort-Hotel-view-1024x6822-e1470387518228-64x64.jpg 64w\" sizes=\"auto, (max-width: 190px) 100vw, 190px\" \/>Als Staatsb\u00fcrger d\u00fcrfen Sie jederzeit sowohl in Dominica, als auch in jedwelchem anderen Land der Karibischen Gemeinschaft (CARICOM) leben und arbeiten. Sie sind in Dominica nicht steuerpflichtig, wenn Ihre Ertr\u00e4ge im Ausland erwirtschaftet wurden, es sei denn, Sie entscheiden sich in Dominica wohnhaft zu werden. Mit Ihrem\u00a0<strong>Dominica Reisepass<\/strong>\u00a0k\u00f6nnen Sie in rund 120 L\u00e4nder visafrei reisen, einschlie\u00dflich in die EU-Schengen-Staaten, Singapur, Hong Kong, Gro\u00dfbritannien, Brasilien, die Schweiz und viele andere.<\/p>\n<p>Durch den Erwerb der Staatsb\u00fcrgerschaft in Dominica genie\u00dfen Ihre Familie und Sie volle Staatsb\u00fcrgerschaft, ohne Eingrenzung und auf Lebzeit, und k\u00f6nnen diese sogar auf\u00a0k\u00fcnftige Generationen \u00fcbertragen.<\/p>\n<h4>Citizenship by Investment \u2013 Optionen<\/h4>\n<p>Die\u00a0<strong>Option einer direkten Beitragsleistung and die Regierung<\/strong>\u00a0erlaubt dem Bewerber\u00a0eine einmalige Zahlung (zzgl. Bearbeitungsgeb\u00fchren) and die Regierung zu leisten; sofern dieser dann die Due Diligence Anforderungen erf\u00fcllt, wird ihm die\u00a0<strong>Dominica Staatsb\u00fcrgerschaft<\/strong>\u00a0erteilt und der\u00a0<strong>Dominica Reisepass<\/strong>\u00a0ausgestellt.<\/p>\n<p>Die zweite Option w\u00e4re eine\u00a0<strong>Geldanlage in von der Regierung genehmigte Immobilien<\/strong>\u00a0und die Zahlung einer\u00a0dadurch reduzierten Leistung and die Regierung\u00a0(zzgl. Bearbeitungsgeb\u00fchren). Die gleichen Due Diligence Anfoderungen gelten auch hier. Diese Option ist zwar teurer, jedoch haben Sie dann einen greifbaren\u00a0Besitz in Dominica mit der M\u00f6glichkeit, Rendite auf ihre Investition zu erhalten.<\/p>\n<h4>\u00dcber Dominica<\/h4>\n<table>\n<tbody>\n<tr>\n<td><img decoding=\"async\" class=\"size-full alignnone\" src=\"\/wp-content\/uploads\/2019\/03\/Flag_of_Dominica.svg-2-e1470384536700.jpg\" alt=\"\" width=\"100%\" \/><\/td>\n<td>Hauptstadt: Roseau<br \/>\nFl\u00e4che: 750 km<br \/>\nEinwohnerzahl: 72,324 (2016)<br \/>\nBIP: USD 1,002 Billion<br \/>\nW\u00e4hrung: Ostkaribischer Dollar (XCD)<br \/>\nSprachen: Englisch und Patois<br \/>\nUnabh\u00e4ngigkeit seit: 1978<\/td>\n<\/tr>\n<\/tbody>\n<\/table>\n<p>Dominica gilt als einer der weltweit gl\u00fccklichsten Orte, mit einer ungew\u00f6hnlich hohen Anzahl hundertj\u00e4hriger Einwohner. Die Insel bietet einen gelassenen Lebensstil in einer sicheren und ruhigen\u00a0Umgebung mit unber\u00fchrter Umwelt, lebendiger Kultur und einer freundlichen Gemeinschaft.<\/p>\n<p><img decoding=\"async\" class=\"size-full alignnone\" src=\"\/wp-content\/uploads\/2019\/03\/Dominica-Map-min-1.jpg\" alt=\"\" width=\"100%\" \/><\/p>\n<p>Die \u201cNaturinsel der Karibik\u201d ist ein gr\u00fcnes Tropenparadies und eine der sch\u00f6nsten Inseln der Karibik, mit unz\u00e4hligen Fl\u00fcssen\u00a0und\u00a0Wasserf\u00e4llen, smaragdgr\u00fcnen Bergen und\u00a0t\u00fcrkisfarbenem Meer. Dominicas klare und ruhige Meere bieten hervorragende M\u00f6glichkeiten zum Tauchen und Schnorcheln und haben spektakul\u00e4re Tauchpl\u00e4tze mit Schiffswracks und sogar Unterwasserthermalquellen.<\/p>\n<h4>Erfolgreiche Bewerber k\u00f6nnen visafrei in folgende L\u00e4nder reisen:<\/h4>\n<p><img decoding=\"async\" class=\"size-full alignnone\" src=\"\/wp-content\/uploads\/2019\/03\/Dominica_passport_Map.png\" alt=\"\" width=\"100%\" \/><\/p>\n<table>\n<tbody>\n<tr>\n<td><span style=\"color: #ff0000;\">\u25cf<\/span> Dominica<\/td>\n<td><span style=\"color: #008000;\">\u25cf<\/span> Visafreie Einreise<\/td>\n<td><span style=\"color: #ffff00;\">\u25cf<\/span> Visa bei der Einreise<\/td>\n<td><span style=\"color: #999999;\">\u25cf<\/span> Visa erforderlich<\/td>\n<\/tr>\n<\/tbody>\n<\/table>\n","protected":false},"excerpt":{"rendered":"<p>Eine neue oder zweite Staatsb\u00fcrgerschaft im friedlichen Commonwealth-Land Dominica erlaubt Ihnen, sorgenfrei in einer globalisierten Welt zu reisen, in der \u00dcberwachung und nachteilige Vorschriften die Freiheit und Unabh\u00e4ngigkeit unserer modernen Gesellschaft zu begrenzen versuchen. Das\u00a0Staatsb\u00fcrgerprogramm durch Investitionen\u00a0im neutralen und stabilen Commonwealth von Dominica in den Kleinen Antillen in der \u00f6stlichen Karibik ist eines der \u00e4ltesten [&hellip;]<\/p>\n","protected":false},"author":3,"featured_media":0,"parent":0,"menu_order":0,"comment_status":"closed","ping_status":"closed","template":"","meta":{"footnotes":""},"class_list":["post-590","page","type-page","status-publish","hentry"],"aioseo_notices":[],"_links":{"self":[{"href":"https:\/\/gws-offshore.com\/de\/wp-json\/wp\/v2\/pages\/590","targetHints":{"allow":["GET"]}}],"collection":[{"href":"https:\/\/gws-offshore.com\/de\/wp-json\/wp\/v2\/pages"}],"about":[{"href":"https:\/\/gws-offshore.com\/de\/wp-json\/wp\/v2\/types\/page"}],"author":[{"embeddable":true,"href":"https:\/\/gws-offshore.com\/de\/wp-json\/wp\/v2\/users\/3"}],"replies":[{"embeddable":true,"href":"https:\/\/gws-offshore.com\/de\/wp-json\/wp\/v2\/comments?post=590"}],"version-history":[{"count":7,"href":"https:\/\/gws-offshore.com\/de\/wp-json\/wp\/v2\/pages\/590\/revisions"}],"predecessor-version":[{"id":1532,"href":"https:\/\/gws-offshore.com\/de\/wp-json\/wp\/v2\/pages\/590\/revisions\/1532"}],"wp:attachment":[{"href":"https:\/\/gws-offshore.com\/de\/wp-json\/wp\/v2\/media?parent=590"}],"curies":[{"name":"wp","href":"https:\/\/api.w.org\/{rel}","templated":true}]}}